{"id":56,"date":"2016-11-07T06:46:08","date_gmt":"2016-11-07T04:46:08","guid":{"rendered":"https:\/\/haecker.ee\/?page_id=56"},"modified":"2024-10-21T15:47:29","modified_gmt":"2024-10-21T12:47:29","slug":"kataloogid","status":"publish","type":"page","link":"https:\/\/haecker.ee\/et\/kataloogid\/","title":{"rendered":"Kataloogid"},"content":{"rendered":"<p>&nbsp;<\/p>\n<p><strong>Bro\u0161\u00fc\u00fcrid<\/strong><\/p>\n<p>&nbsp;<\/p>\n<p><a href=\"http:\/\/haecker.ee\/wp-content\/uploads\/2016\/11\/Haecker_katalog_move_EN.pdf\"><img decoding=\"async\" src=\"https:\/\/portal.unitech.eu\/Images\/Treeview\/pdf.png\" border=\"0\">Haecker katalog move<\/a><\/p>\n<p><a href=\"http:\/\/haecker.ee\/wp-content\/uploads\/2016\/11\/Gallery_EN_ES_IT_FR.pdf\"><img decoding=\"async\" src=\"https:\/\/portal.unitech.eu\/Images\/Treeview\/pdf.png\" border=\"0\">Gallery<\/a><\/p>\n<p><a href=\"http:\/\/haecker.ee\/wp-content\/uploads\/2024\/Forum_2025_H_EN-SV-IT-DK_web.pdf\"><img decoding=\"async\" src=\"https:\/\/portal.unitech.eu\/Images\/Treeview\/pdf.png\" border=\"0\"><b>Systemat 2025<\/b><\/a><\/p>\n<p><a href=\"http:\/\/haecker.ee\/wp-content\/uploads\/2024\/concept130_Broschuere_2025_H_klein.pdf\"><img decoding=\"async\" src=\"https:\/\/portal.unitech.eu\/Images\/Treeview\/pdf.png\" border=\"0\"><b>Concept 130 2025<\/b><\/a><\/p>\n<p><a href=\"http:\/\/haecker.ee\/wp-content\/uploads\/2024\/LIVING_hoch_3_Broschuere_B_EN-ES-NL.pdf\"><img decoding=\"async\" src=\"https:\/\/portal.unitech.eu\/Images\/Treeview\/pdf.png\" border=\"0\"><b>Living 2025<\/b><\/a><\/p>\n<p><a href=\"http:\/\/haecker.ee\/wp-content\/uploads\/2024\/CLEVER_and_CLEAN_Broschuere_B_EN-ES-NL_online.pdf\"><img decoding=\"async\" src=\"https:\/\/portal.unitech.eu\/Images\/Treeview\/pdf.png\" border=\"0\"><b>Clever &amp; Clean 2025<\/b><\/a><\/p>\n<p>&nbsp;<\/p>\n<p><strong>Emotion kataloog<\/strong><\/p>\n<p>&nbsp;<\/p>\n<p><a href=\"http:\/\/haecker.ee\/wp-content\/uploads\/2016\/11\/emotion_GBESIT.pdf\"><img decoding=\"async\" src=\"https:\/\/portal.unitech.eu\/Images\/Treeview\/pdf.png\" border=\"0\">Emotion gbesit<\/a><\/p>\n<p>&nbsp;<\/p>\n<p><strong>Publikatsioonid<\/strong><\/p>\n<p>&nbsp;<\/p>\n<p><a href=\"https:\/\/www.haecker-kuechen.de\/en\/downloads.html?file=files\/downloads\/broschueren\/2015\/Haecker%20WORK%2006%20EN%20FR.pdf\"><img decoding=\"async\" src=\"https:\/\/portal.unitech.eu\/Images\/Treeview\/pdf.png\" border=\"0\">Haecker WORK 06<\/a><\/p>\n<p><a href=\"https:\/\/www.haecker-kuechen.de\/en\/downloads.html?file=files\/downloads\/broschueren\/2016\/Haecker_WORK_07_EN_IT.pdf\"><img decoding=\"async\" src=\"https:\/\/portal.unitech.eu\/Images\/Treeview\/pdf.png\" border=\"0\">Haecker WORK 07<\/a><\/p>\n<p><a href=\"https:\/\/www.haecker-kuechen.de\/en\/downloads.html?file=files\/downloads\/broschueren\/2016\/Haecker_WORK_08_EN_FR.pdf\"><img decoding=\"async\" src=\"https:\/\/portal.unitech.eu\/Images\/Treeview\/pdf.png\" border=\"0\">Haecker WORK 08<\/a><\/p>\n<p><a href=\"https:\/\/www.haecker-kuechen.de\/en\/downloads.html?file=files\/downloads\/broschueren\/2017\/Haecker_WORK_09_EN_FR.pdf\"><img decoding=\"async\" src=\"https:\/\/portal.unitech.eu\/Images\/Treeview\/pdf.png\" border=\"0\">Haecker WORK 09<\/a><\/p>\n<p><a href=\"https:\/\/www.haecker-kuechen.de\/en\/downloads.html?file=files\/downloads\/broschueren\/2017\/Haecker_WORK_10_EN_FR.pdf\"><img decoding=\"async\" src=\"https:\/\/portal.unitech.eu\/Images\/Treeview\/pdf.png\" border=\"0\">Haecker WORK 10<\/a><\/p>\n<p><a href=\"https:\/\/www.haecker-kuechen.de\/en\/downloads.html?file=files\/downloads\/broschueren\/2017\/Haecker_WORK_11_EN_FR.pdf\"><img decoding=\"async\" src=\"https:\/\/portal.unitech.eu\/Images\/Treeview\/pdf.png\" border=\"0\">Haecker WORK 11<\/a><\/p>\n<p><a href=\"http:\/\/haecker.ee\/wp-content\/uploads\/2016\/11\/Our_company_2015.pdf\"><img decoding=\"async\" src=\"https:\/\/portal.unitech.eu\/Images\/Treeview\/pdf.png\" border=\"0\">Our company 2015<\/a><\/p>\n<p><a href=\"http:\/\/haecker.ee\/wp-content\/uploads\/2016\/11\/Haecker_WORK_01_EN_FR.pdf\"><img decoding=\"async\" src=\"https:\/\/portal.unitech.eu\/Images\/Treeview\/pdf.png\" border=\"0\">Haecker work 01<\/a><\/p>\n<p><a href=\"http:\/\/haecker.ee\/wp-content\/uploads\/2016\/11\/Haecker_WORK_02_EN_FR.pdf\"><img decoding=\"async\" src=\"https:\/\/portal.unitech.eu\/Images\/Treeview\/pdf.png\" border=\"0\">Haecker work 02<\/a><\/p>\n<p><a href=\"http:\/\/haecker.ee\/wp-content\/uploads\/2016\/11\/Haecker-WORK-04-EN-FR.pdf\"><img decoding=\"async\" src=\"https:\/\/portal.unitech.eu\/Images\/Treeview\/pdf.png\" border=\"0\">Haecker work 04<\/a><\/p>\n<p><a href=\"http:\/\/haecker.ee\/wp-content\/uploads\/2016\/11\/Haecker-WORK-05-EN_FR.pdf\"><img decoding=\"async\" src=\"https:\/\/portal.unitech.eu\/Images\/Treeview\/pdf.png\" border=\"0\">Haecker work 05<\/a><\/p>","protected":false},"excerpt":{"rendered":"<p>&nbsp; Bro\u0161\u00fc\u00fcrid &nbsp; Haecker katalog move Gallery Systemat 2025 Concept 130 2025 Living 2025 Clever &amp; Clean 2025 &nbsp; Emotion kataloog &nbsp; Emotion gbesit &nbsp; Publikatsioonid &nbsp; Haecker WORK 06 Haecker WORK 07 Haecker WORK 08 Haecker WORK 09 Haecker &hellip; <a href=\"https:\/\/haecker.ee\/et\/kataloogid\/\">J\u00e4tka lugemist <span class=\"meta-nav\">&rarr;<\/span><\/a><\/p>\n","protected":false},"author":1,"featured_media":553,"parent":0,"menu_order":5,"comment_status":"closed","ping_status":"closed","template":"catalog-page.php","meta":[],"acf":[],"_links":{"self":[{"href":"https:\/\/haecker.ee\/et\/wp-json\/wp\/v2\/pages\/56"}],"collection":[{"href":"https:\/\/haecker.ee\/et\/wp-json\/wp\/v2\/pages"}],"about":[{"href":"https:\/\/haecker.ee\/et\/wp-json\/wp\/v2\/types\/page"}],"author":[{"embeddable":true,"href":"https:\/\/haecker.ee\/et\/wp-json\/wp\/v2\/users\/1"}],"replies":[{"embeddable":true,"href":"https:\/\/haecker.ee\/et\/wp-json\/wp\/v2\/comments?post=56"}],"version-history":[{"count":88,"href":"https:\/\/haecker.ee\/et\/wp-json\/wp\/v2\/pages\/56\/revisions"}],"predecessor-version":[{"id":890,"href":"https:\/\/haecker.ee\/et\/wp-json\/wp\/v2\/pages\/56\/revisions\/890"}],"wp:featuredmedia":[{"embeddable":true,"href":"https:\/\/haecker.ee\/et\/wp-json\/wp\/v2\/media\/553"}],"wp:attachment":[{"href":"https:\/\/haecker.ee\/et\/wp-json\/wp\/v2\/media?parent=56"}],"curies":[{"name":"wp","href":"https:\/\/api.w.org\/{rel}","templated":true}]}}