{"id":54,"date":"2016-11-07T06:40:17","date_gmt":"2016-11-07T04:40:17","guid":{"rendered":"https:\/\/haecker.ee\/?page_id=54"},"modified":"2017-01-06T20:57:42","modified_gmt":"2017-01-06T18:57:42","slug":"videod","status":"publish","type":"page","link":"https:\/\/haecker.ee\/et\/videod\/","title":{"rendered":"Videod"},"content":{"rendered":"<p><\/p>\n<style type=\"text\/css\">\n #haecker-page-content-text strong { text-transform: uppercase; font-weight: 400; font-size: 18px; } \n #haecker-page-content iframe {\n    width: 100%;\n    height: 340px;\n    float: none;\n}\n<\/style>\n<p>&nbsp;<\/p>\n<p><center><\/p>\n<p><iframe loading=\"lazy\" src=\"https:\/\/www.youtube.com\/embed\/k01x2Z6L8bw\" width=\"100%\" height=\"340\" frameborder=\"0\" allowfullscreen=\"allowfullscreen\"><\/iframe><\/p>\n<p><strong>K\u00f6\u00f6gim\u00f6\u00f6bel \u2013 H\u00e4cker \u2013 Terviklik k\u00f6\u00f6k seob nutika disaini, kvaliteedi ja mugavuse<\/strong><\/p>\n<p><iframe loading=\"lazy\" src=\"https:\/\/www.youtube.com\/embed\/d8vRvFRfQbs\" width=\"100%\" height=\"340\" frameborder=\"0\" allowfullscreen=\"allowfullscreen\"><\/iframe><\/p>\n<p><strong>K\u00f6\u00f6gim\u00f6\u00f6bel \u2013 H\u00e4cker \u2013 Uus t\u00f6\u00f6pinnapealne Climber<\/strong><br \/>\n<iframe loading=\"lazy\" src=\"\/\/player.vimeo.com\/video\/106574342\" width=\"100%\" height=\"340\" frameborder=\"0\" allowfullscreen=\"allowfullscreen\"><\/iframe><\/p>\n<p><strong>K\u00f6\u00f6gim\u00f6\u00f6bel \u2013 H\u00e4cker \u2013 Kollektsiooni esitlus 2015<\/strong><br \/>\n<iframe loading=\"lazy\" src=\"\/\/player.vimeo.com\/video\/106615055\" width=\"100%\" height=\"340\" frameborder=\"0\" allowfullscreen=\"allowfullscreen\"><\/iframe><\/p>\n<p><strong>K\u00f6\u00f6gim\u00f6\u00f6bel \u2013 H\u00e4cker \u2013 Sisustuse korralduss\u00fcsteem MOVE<\/strong><br \/>\n<iframe loading=\"lazy\" src=\"\/\/player.vimeo.com\/video\/106190030\" width=\"100%\" height=\"340\" frameborder=\"0\" allowfullscreen=\"allowfullscreen\"><\/iframe><\/p>\n<p><strong>K\u00f6\u00f6gim\u00f6\u00f6bel \u2013 H\u00e4cker \u2013 Esipaneelid<\/strong><br \/>\n<iframe loading=\"lazy\" src=\"\/\/player.vimeo.com\/video\/105990192\" width=\"100%\" height=\"340\" frameborder=\"0\" allowfullscreen=\"allowfullscreen\"><\/iframe><\/p>\n<p><strong>K\u00f6\u00f6gim\u00f6\u00f6bel \u2013 H\u00e4cker \u2013 Kollektsiooni esitlus 2014<\/strong><br \/>\n<iframe loading=\"lazy\" src=\"\/\/player.vimeo.com\/video\/74108898\" width=\"100%\" height=\"340\" frameborder=\"0\" allowfullscreen=\"allowfullscreen\"><\/iframe><\/p>\n<p><strong>K\u00f6\u00f6gim\u00f6\u00f6bel \u2013 H\u00e4cker \u2013 Tutvustus<\/strong><br \/>\n<iframe loading=\"lazy\" src=\"\/\/player.vimeo.com\/video\/74493948\" width=\"100%\" height=\"340\" frameborder=\"0\" allowfullscreen=\"allowfullscreen\"><\/iframe><\/p>\n<p><strong>K\u00f6\u00f6gim\u00f6\u00f6bel \u2013 H\u00e4cker Kollektsiooni esitlus 2013<\/strong><br \/>\n<iframe loading=\"lazy\" src=\"\/\/player.vimeo.com\/video\/74493376\" width=\"100%\" height=\"340\" frameborder=\"0\" allowfullscreen=\"allowfullscreen\"><\/iframe><\/p>\n<p><strong>K\u00f6\u00f6gim\u00f6\u00f6bel \u2013 H\u00e4cker \u2013 Kapimoodulite lahendused<\/strong><br \/>\n<iframe loading=\"lazy\" src=\"\/\/player.vimeo.com\/video\/74493377\" width=\"100%\" height=\"340\" frameborder=\"0\" allowfullscreen=\"allowfullscreen\"><\/iframe><\/p>\n<p><strong>K\u00f6\u00f6gim\u00f6\u00f6bel \u2013 H\u00e4cker \u2013 Pr\u00fcgi sorteerimis lahendused<\/strong><br \/>\n<iframe loading=\"lazy\" src=\"\/\/player.vimeo.com\/video\/74493379\" width=\"100%\" height=\"340\" frameborder=\"0\" allowfullscreen=\"allowfullscreen\"><\/iframe><\/p>\n<p><strong>K\u00f6\u00f6gim\u00f6\u00f6bel \u2013 H\u00e4cker \u2013 Nurgakappide lahendused<\/strong><br \/>\n<iframe loading=\"lazy\" src=\"\/\/player.vimeo.com\/video\/74493381\" width=\"100%\" height=\"340\" frameborder=\"0\" allowfullscreen=\"allowfullscreen\"><\/iframe><\/p>\n<p><strong>K\u00f6\u00f6gim\u00f6\u00f6bel \u2013 H\u00e4cker \u2013 L\u00fckanduksed<\/strong><br \/>\n<iframe loading=\"lazy\" src=\"\/\/player.vimeo.com\/video\/74493651\" width=\"100%\" height=\"340\" frameborder=\"0\" allowfullscreen=\"allowfullscreen\"><\/iframe><\/p>\n<p><strong>K\u00f6\u00f6gim\u00f6\u00f6bel \u2013 H\u00e4cker \u2013 Valgustus lahendused<\/strong><br \/>\n<iframe loading=\"lazy\" src=\"\/\/player.vimeo.com\/video\/74493652\" width=\"100%\" height=\"340\" frameborder=\"0\" allowfullscreen=\"allowfullscreen\"><\/iframe><\/p>\n<p><strong>K\u00f6\u00f6gim\u00f6\u00f6bel \u2013 H\u00e4cker \u2013 Servodrive\/Sensomatic<\/strong><br \/>\n<iframe loading=\"lazy\" src=\"\/\/player.vimeo.com\/video\/74493653\" width=\"100%\" height=\"340\" frameborder=\"0\" allowfullscreen=\"allowfullscreen\"><\/iframe><\/p>\n<p><strong>K\u00f6\u00f6gim\u00f6\u00f6bel \u2013 H\u00e4cker \u2013 Climber lahendused<\/strong><br \/>\n<iframe loading=\"lazy\" src=\"\/\/player.vimeo.com\/video\/74493378\" width=\"100%\" height=\"340\" frameborder=\"0\" allowfullscreen=\"allowfullscreen\"><\/iframe><\/p>\n<p><strong>K\u00f6\u00f6gim\u00f6\u00f6bel \u2013 H\u00e4cker \u2013 Seinakapi lahendused<\/strong><br \/>\n<iframe loading=\"lazy\" src=\"\/\/player.vimeo.com\/video\/74493654\" width=\"100%\" height=\"340\" frameborder=\"0\" allowfullscreen=\"allowfullscreen\"><\/iframe><\/p>\n<p><strong>K\u00f6\u00f6gim\u00f6\u00f6bel \u2013 H\u00e4cker \u2013 Flying Bridge lahendus<\/strong><br \/>\n<iframe loading=\"lazy\" src=\"\/\/player.vimeo.com\/video\/74493655\" width=\"100%\" height=\"340\" frameborder=\"0\" allowfullscreen=\"allowfullscreen\"><\/iframe><\/p>\n<p><strong>GAGGENAU AL 400 DOWNDRAFT<\/strong><br \/>\n<iframe loading=\"lazy\" src=\"https:\/\/www.youtube.com\/embed\/8pnJ9Qnq67E\" width=\"100%\" height=\"340\" frameborder=\"0\" allowfullscreen=\"allowfullscreen\"><\/iframe><\/p>\n<p><strong>Pocket Doors<\/strong><br \/>\n<iframe loading=\"lazy\" src=\"\/\/player.vimeo.com\/video\/84296595\" width=\"100%\" height=\"340\" frameborder=\"0\" allowfullscreen=\"allowfullscreen\"><\/iframe><\/p>\n<p><strong>Pehmelt sulguvad uksed<\/strong><br \/>\n<iframe loading=\"lazy\" src=\"\/\/player.vimeo.com\/video\/84296455\" width=\"100%\" height=\"340\" frameborder=\"0\" allowfullscreen=\"allowfullscreen\"><\/iframe><\/p>\n<p>&nbsp;<\/p>\n<p>&nbsp;<\/p>\n<p><strong>H\u00e4cker k\u00f6\u00f6gim\u00f6\u00f6bel:<\/strong><\/p>\n<p>\u00dclaltoodud videotega tutvustame, kui mugav on k\u00f6\u00f6gis hakkama saada H\u00e4ckeri poolt pakutavate lahendustega, toome v\u00e4lja : H\u00e4cker 2013 k\u00f6\u00f6gim\u00f6\u00f6bli toodete esitluse, K\u00f6\u00f6gim\u00f6\u00f6bli asjade paigutuse, Pr\u00fcgikasti lahendused Teie k\u00f6\u00f6gis, K\u00f6\u00f6gim\u00f6\u00f6bli nurgakapi lahendused, K\u00f6\u00f6gim\u00f6\u00f6bli l\u00fckanduste lahendused, Valguslahendused k\u00f6\u00f6gis, Servodrive \/ Sensomatic, Climber \u00fclakapid Teie uude k\u00f6\u00f6ki, K\u00f6\u00f6gi \u00fclakapid, Flying bridge lahendus k\u00f6\u00f6ki jpm. Aitame Teid meeleldi Teie uue k\u00f6\u00f6gim\u00f6\u00f6bli valikul ning ka sobiva projekti koostamisel. V\u00f5tke meiega kindlasti \u00fchendust ning leiame just Teile sobiva lahenduse !<\/p>\n<p><\/center><\/p>","protected":false},"excerpt":{"rendered":"<p>&nbsp; K\u00f6\u00f6gim\u00f6\u00f6bel \u2013 H\u00e4cker \u2013 Terviklik k\u00f6\u00f6k seob nutika disaini, kvaliteedi ja mugavuse K\u00f6\u00f6gim\u00f6\u00f6bel \u2013 H\u00e4cker \u2013 Uus t\u00f6\u00f6pinnapealne Climber K\u00f6\u00f6gim\u00f6\u00f6bel \u2013 H\u00e4cker \u2013 Kollektsiooni esitlus 2015 K\u00f6\u00f6gim\u00f6\u00f6bel \u2013 H\u00e4cker \u2013 Sisustuse korralduss\u00fcsteem MOVE K\u00f6\u00f6gim\u00f6\u00f6bel \u2013 H\u00e4cker \u2013 Esipaneelid K\u00f6\u00f6gim\u00f6\u00f6bel &hellip; <a href=\"https:\/\/haecker.ee\/et\/videod\/\">J\u00e4tka lugemist <span class=\"meta-nav\">&rarr;<\/span><\/a><\/p>\n","protected":false},"author":1,"featured_media":0,"parent":0,"menu_order":4,"comment_status":"closed","ping_status":"closed","template":"","meta":[],"acf":[],"_links":{"self":[{"href":"https:\/\/haecker.ee\/et\/wp-json\/wp\/v2\/pages\/54"}],"collection":[{"href":"https:\/\/haecker.ee\/et\/wp-json\/wp\/v2\/pages"}],"about":[{"href":"https:\/\/haecker.ee\/et\/wp-json\/wp\/v2\/types\/page"}],"author":[{"embeddable":true,"href":"https:\/\/haecker.ee\/et\/wp-json\/wp\/v2\/users\/1"}],"replies":[{"embeddable":true,"href":"https:\/\/haecker.ee\/et\/wp-json\/wp\/v2\/comments?post=54"}],"version-history":[{"count":30,"href":"https:\/\/haecker.ee\/et\/wp-json\/wp\/v2\/pages\/54\/revisions"}],"predecessor-version":[{"id":590,"href":"https:\/\/haecker.ee\/et\/wp-json\/wp\/v2\/pages\/54\/revisions\/590"}],"wp:attachment":[{"href":"https:\/\/haecker.ee\/et\/wp-json\/wp\/v2\/media?parent=54"}],"curies":[{"name":"wp","href":"https:\/\/api.w.org\/{rel}","templated":true}]}}