{"id":52,"date":"2016-11-07T06:38:38","date_gmt":"2016-11-07T04:38:38","guid":{"rendered":"https:\/\/haecker.ee\/?page_id=52"},"modified":"2016-11-07T19:50:37","modified_gmt":"2016-11-07T17:50:37","slug":"bora","status":"publish","type":"page","link":"https:\/\/haecker.ee\/et\/koogitehnika\/bora\/","title":{"rendered":"BORA"},"content":{"rendered":"<p>P\u00f5him\u00f5te \u2013 F\u00fc\u00fcsika v\u00f5ib olla v\u00e4ga elegantne.<\/p>\n<p>&nbsp;<\/p>\n<p>Bora n\u00e4pistab s\u00f6\u00f6givalmistamise aurud ja l\u00f5hnad juba eos, juhtides need \u00e4ra sealt, kus nad tekivad, pliidiplaadilt ( pannilt, r\u00f6sterilt, kastrulilt v\u00f5i grillilt ). Bora ei kasuta selle teostamisel mingeid v\u00f5lunippe vaid vedelike mehhaanika alusp\u00f5him\u00f5tteid kohaldades. Bora kasutab risti-voolu, mis on v\u00f5imsam kui k\u00fcpsetamisauru t\u00f5usukiirus.<\/p>\n<p>&nbsp;<\/p>\n<p><strong>Bora eelised:<\/strong><\/p>\n<p>Clear View \u2013 Enam pole vaja peak\u00f5rgusel rippuvaid \u00f5hupuhasteid<br \/>\nHeli \u2013 Tunduvalt vaiksem, kui enamik \u00f5hupuhasteid<br \/>\nKliima \u2013 K\u00fcpsetamisv\u00f5imalus v\u00e4rskes \u00f5hus, ilma segavate \u00f5hupuhastiteta<br \/>\nPlaneerimisvabadus \u2013 Uued v\u00f5imalused k\u00f6\u00f6giarhitektuuris<br \/>\nEnergias\u00e4\u00e4stlik \u2013 Bora ei kuluKta v\u00e4\u00e4rtuslikke ressursse<br \/>\nPuhastus \u2013 Kerge hooldada n\u00f5udepesumasinas<br \/>\nKvaliteet \u2013 K\u00f5rgkvaliteetsed materjalid pikaks elueaks<\/p>","protected":false},"excerpt":{"rendered":"<p>P\u00f5him\u00f5te \u2013 F\u00fc\u00fcsika v\u00f5ib olla v\u00e4ga elegantne. &nbsp; Bora n\u00e4pistab s\u00f6\u00f6givalmistamise aurud ja l\u00f5hnad juba eos, juhtides need \u00e4ra sealt, kus nad tekivad, pliidiplaadilt ( pannilt, r\u00f6sterilt, kastrulilt v\u00f5i grillilt ). Bora ei kasuta selle teostamisel mingeid v\u00f5lunippe vaid vedelike &hellip; <a href=\"https:\/\/haecker.ee\/et\/koogitehnika\/bora\/\">J\u00e4tka lugemist <span class=\"meta-nav\">&rarr;<\/span><\/a><\/p>\n","protected":false},"author":1,"featured_media":92,"parent":41,"menu_order":5,"comment_status":"closed","ping_status":"closed","template":"","meta":[],"acf":[],"_links":{"self":[{"href":"https:\/\/haecker.ee\/et\/wp-json\/wp\/v2\/pages\/52"}],"collection":[{"href":"https:\/\/haecker.ee\/et\/wp-json\/wp\/v2\/pages"}],"about":[{"href":"https:\/\/haecker.ee\/et\/wp-json\/wp\/v2\/types\/page"}],"author":[{"embeddable":true,"href":"https:\/\/haecker.ee\/et\/wp-json\/wp\/v2\/users\/1"}],"replies":[{"embeddable":true,"href":"https:\/\/haecker.ee\/et\/wp-json\/wp\/v2\/comments?post=52"}],"version-history":[{"count":4,"href":"https:\/\/haecker.ee\/et\/wp-json\/wp\/v2\/pages\/52\/revisions"}],"predecessor-version":[{"id":95,"href":"https:\/\/haecker.ee\/et\/wp-json\/wp\/v2\/pages\/52\/revisions\/95"}],"up":[{"embeddable":true,"href":"https:\/\/haecker.ee\/et\/wp-json\/wp\/v2\/pages\/41"}],"wp:featuredmedia":[{"embeddable":true,"href":"https:\/\/haecker.ee\/et\/wp-json\/wp\/v2\/media\/92"}],"wp:attachment":[{"href":"https:\/\/haecker.ee\/et\/wp-json\/wp\/v2\/media?parent=52"}],"curies":[{"name":"wp","href":"https:\/\/api.w.org\/{rel}","templated":true}]}}