{"id":50,"date":"2016-11-07T06:38:14","date_gmt":"2016-11-07T04:38:14","guid":{"rendered":"https:\/\/haecker.ee\/?page_id=50"},"modified":"2016-11-08T04:10:21","modified_gmt":"2016-11-08T02:10:21","slug":"miele","status":"publish","type":"page","link":"https:\/\/haecker.ee\/et\/koogitehnika\/miele\/","title":{"rendered":"MIELE"},"content":{"rendered":"<p>Peale Miele firma asutamist 1899 otsustasid nende asutajad toota masinaid, mis on nii vastupidavad kui ka kauakestvad, uskudes, et edu s\u00f5ltub pikemas perspektiivis toote veenvast ja t\u00e4ielikust kvaliteedist. T\u00e4nap\u00e4eval pakub Miele laia valikut k\u00f5rgeima kvaliteedi ning suurep\u00e4rase ja ajatu disainiga kodumasinaid. K\u00f5ik Miele tooted on testitud kestma minimaalselt 20-aastat, j\u00e4rgides kindlalt Miele asutajate filosoofiat \u201eAlati parem\u201c.<\/p>\n<p>&nbsp;<\/p>\n<p><img decoding=\"async\" loading=\"lazy\" class=\"aligncenter size-full wp-image-86\" src=\"http:\/\/haecker.ee\/wp-content\/uploads\/2016\/11\/miele_ahjud.jpg\" alt=\"miele_ahjud\" width=\"301\" height=\"299\" srcset=\"https:\/\/haecker.ee\/wp-content\/uploads\/2016\/11\/miele_ahjud.jpg 301w, https:\/\/haecker.ee\/wp-content\/uploads\/2016\/11\/miele_ahjud-150x150.jpg 150w, https:\/\/haecker.ee\/wp-content\/uploads\/2016\/11\/miele_ahjud-300x298.jpg 300w\" sizes=\"(max-width: 301px) 100vw, 301px\" \/><\/p>\n<p>Disain ei ole pelgalt pind, vaid ka seadme kasutajalt saadud kogemus. Uus k\u00f6\u00f6k, milles masinad on v\u00e4lja t\u00f6\u00f6tatud eesm\u00e4rgiga. Selle tulemusena on saavutatud tooteperekond, kus on koosk\u00f5las kuju ning materjalide tugevus. Need uue p\u00f5lvkonna seadmed t\u00f5stavad disaini t\u00e4iesti uuele tasemele. Tutvu l\u00e4hemalt meie sisseehitatud k\u00f6\u00f6gitehnikaga. K\u00f5igis uue p\u00f5lvkonna seadmetes on \u00fchesugused kontrollseadmed, mis p\u00f5hinevad samasugusel loogikal. Nii n\u00e4iteks on displei alati keset ekraani, s\u00f5ltumata juhtseadmetest. K\u00f5igil kontrollseadmetel on sama uuenduslik ja k\u00f5rgresolutsiooniga ekraanitehnoloogia. K\u00f5igi kontrolls\u00fcsteemide v\u00f5tmeelemendiks on touch-sensor nupud. Nende hulgast v\u00f5ib leida k\u00f5iki olemasolevaid v\u00f5imalusi.<\/p>","protected":false},"excerpt":{"rendered":"<p>Peale Miele firma asutamist 1899 otsustasid nende asutajad toota masinaid, mis on nii vastupidavad kui ka kauakestvad, uskudes, et edu s\u00f5ltub pikemas perspektiivis toote veenvast ja t\u00e4ielikust kvaliteedist. T\u00e4nap\u00e4eval pakub Miele laia valikut k\u00f5rgeima kvaliteedi ning suurep\u00e4rase ja ajatu disainiga &hellip; <a href=\"https:\/\/haecker.ee\/et\/koogitehnika\/miele\/\">J\u00e4tka lugemist <span class=\"meta-nav\">&rarr;<\/span><\/a><\/p>\n","protected":false},"author":1,"featured_media":0,"parent":41,"menu_order":4,"comment_status":"closed","ping_status":"closed","template":"","meta":[],"acf":[],"_links":{"self":[{"href":"https:\/\/haecker.ee\/et\/wp-json\/wp\/v2\/pages\/50"}],"collection":[{"href":"https:\/\/haecker.ee\/et\/wp-json\/wp\/v2\/pages"}],"about":[{"href":"https:\/\/haecker.ee\/et\/wp-json\/wp\/v2\/types\/page"}],"author":[{"embeddable":true,"href":"https:\/\/haecker.ee\/et\/wp-json\/wp\/v2\/users\/1"}],"replies":[{"embeddable":true,"href":"https:\/\/haecker.ee\/et\/wp-json\/wp\/v2\/comments?post=50"}],"version-history":[{"count":6,"href":"https:\/\/haecker.ee\/et\/wp-json\/wp\/v2\/pages\/50\/revisions"}],"predecessor-version":[{"id":91,"href":"https:\/\/haecker.ee\/et\/wp-json\/wp\/v2\/pages\/50\/revisions\/91"}],"up":[{"embeddable":true,"href":"https:\/\/haecker.ee\/et\/wp-json\/wp\/v2\/pages\/41"}],"wp:attachment":[{"href":"https:\/\/haecker.ee\/et\/wp-json\/wp\/v2\/media?parent=50"}],"curies":[{"name":"wp","href":"https:\/\/api.w.org\/{rel}","templated":true}]}}