{"id":41,"date":"2016-11-07T06:35:59","date_gmt":"2016-11-07T04:35:59","guid":{"rendered":"https:\/\/haecker.ee\/?page_id=41"},"modified":"2016-11-08T04:49:21","modified_gmt":"2016-11-08T02:49:21","slug":"koogitehnika","status":"publish","type":"page","link":"https:\/\/haecker.ee\/et\/koogitehnika\/","title":{"rendered":"K\u00f6\u00f6gitehnika"},"content":{"rendered":"<p>Hea saksa k\u00f6\u00f6gim\u00f6\u00f6bliga k\u00e4ib koos hea saksa k\u00f6\u00f6gitehnika.<br \/>\nMeie salongides on v\u00f5imalus tutvuda saksa tipp-k\u00f6\u00f6gitehnika n\u00e4idistega.<br \/>\nSalongi teenindajad on saanud v\u00e4lja\u00f5ppe erinevates saksa tehastes ja t\u00e4iendavad<br \/>\nend jooksvalt et olla kursis viimaste t\u00e4iendustega.<br \/>\nJa seda k\u00f5ike selleks et l\u00f5pptarbija oleks rahul oma l\u00f5pliku valikuga.<\/p>","protected":false},"excerpt":{"rendered":"<p>Hea saksa k\u00f6\u00f6gim\u00f6\u00f6bliga k\u00e4ib koos hea saksa k\u00f6\u00f6gitehnika. Meie salongides on v\u00f5imalus tutvuda saksa tipp-k\u00f6\u00f6gitehnika n\u00e4idistega. Salongi teenindajad on saanud v\u00e4lja\u00f5ppe erinevates saksa tehastes ja t\u00e4iendavad end jooksvalt et olla kursis viimaste t\u00e4iendustega. Ja seda k\u00f5ike selleks et l\u00f5pptarbija oleks &hellip; <a href=\"https:\/\/haecker.ee\/et\/koogitehnika\/\">J\u00e4tka lugemist <span class=\"meta-nav\">&rarr;<\/span><\/a><\/p>\n","protected":false},"author":1,"featured_media":114,"parent":0,"menu_order":3,"comment_status":"closed","ping_status":"closed","template":"","meta":[],"acf":[],"_links":{"self":[{"href":"https:\/\/haecker.ee\/et\/wp-json\/wp\/v2\/pages\/41"}],"collection":[{"href":"https:\/\/haecker.ee\/et\/wp-json\/wp\/v2\/pages"}],"about":[{"href":"https:\/\/haecker.ee\/et\/wp-json\/wp\/v2\/types\/page"}],"author":[{"embeddable":true,"href":"https:\/\/haecker.ee\/et\/wp-json\/wp\/v2\/users\/1"}],"replies":[{"embeddable":true,"href":"https:\/\/haecker.ee\/et\/wp-json\/wp\/v2\/comments?post=41"}],"version-history":[{"count":3,"href":"https:\/\/haecker.ee\/et\/wp-json\/wp\/v2\/pages\/41\/revisions"}],"predecessor-version":[{"id":116,"href":"https:\/\/haecker.ee\/et\/wp-json\/wp\/v2\/pages\/41\/revisions\/116"}],"wp:featuredmedia":[{"embeddable":true,"href":"https:\/\/haecker.ee\/et\/wp-json\/wp\/v2\/media\/114"}],"wp:attachment":[{"href":"https:\/\/haecker.ee\/et\/wp-json\/wp\/v2\/media?parent=41"}],"curies":[{"name":"wp","href":"https:\/\/api.w.org\/{rel}","templated":true}]}}