{"id":2,"date":"2016-11-04T15:04:51","date_gmt":"2016-11-04T13:04:51","guid":{"rendered":"https:\/\/haecker.ee\/?page_id=2"},"modified":"2023-01-02T18:19:58","modified_gmt":"2023-01-02T16:19:58","slug":"firmast","status":"publish","type":"page","link":"https:\/\/haecker.ee\/et\/firmast\/","title":{"rendered":"Firmast"},"content":{"rendered":"<p>Hr. Friedrich H\u00e4cker asutas 1938 a. Saksamaal tisleri-t\u00f6\u00f6koja, millega pani aluse H\u00e4cker k\u00f6\u00f6gim\u00f6\u00f6bli tootmisele. Tisleri-t\u00f6\u00f6kojast on v\u00e4lja arenenud 3 modernset k\u00f6\u00f6gim\u00f6\u00f6bli tootmistehast, mida juhib p\u00f6lvest p\u00f6lve H\u00e4cker meespere. Isalt-pojale! T\u00e4naseks p\u00e4evaks on toomispindala 191.000m2. mis suureneb j\u00e4rjest. M\u00f6\u00f6blit m\u00fc\u00fcakse 51 riiki, ning p\u00e4evas toodetakse sadu eritellimusel valmistatud k\u00f6\u00f6ke.2009 aasta k\u00e4ive oli 295milj. \u20ac. H\u00e4ckeri tehases t\u00f6\u00f6tab kokku 851 t\u00f6\u00f6list ja 80% tootmisest on t\u00e4isautomaatne. H\u00e4ckeri filosoofiaks on toota modernset m\u00f6\u00f6blit ,mis vastaks t\u00e4nap\u00e4eva k\u00f6rgetele kvaliteedi n\u00f6udmistele, kuid samas oleks ka funksionaalne ja vastupidav. H\u00e4cker nimi on teada-tuntud oma usaldusv\u00e4\u00e4rsuse ja t\u00e4htaegadest kinni pidamise poolest.<\/p>\n<p>Maailmas v\u00f6rreldakse H\u00e4cker tootmist \u2013 Saksa autotootmis t\u00e4psusega. H\u00e4cker on \u00fcks euroopa juhtivatest k\u00f6\u00f6gim\u00f6\u00f6bli tootjatest, kelle eesm\u00e4rgiks on Rahulolev klient.<\/p>\n<p>&nbsp;<\/p>\n<p><strong>\u00d5ige t\u00fckk ! \u00d5iges kohas ! \u00d5igel ajal !<\/strong><\/p>\n<p>H\u00e4cker \u2013 Saksas s\u00fcndinud!<br \/>\n<br \/>\n<img decoding=\"async\" src=\"https:\/\/haecker.ee\/wp-content\/themes\/haecker\/images\/kgm-logo-orig.jpg\" alt=\"\" \/><br \/>\n<br \/><\/p>","protected":false},"excerpt":{"rendered":"<p>Hr. Friedrich H\u00e4cker asutas 1938 a. Saksamaal tisleri-t\u00f6\u00f6koja, millega pani aluse H\u00e4cker k\u00f6\u00f6gim\u00f6\u00f6bli tootmisele. Tisleri-t\u00f6\u00f6kojast on v\u00e4lja arenenud 3 modernset k\u00f6\u00f6gim\u00f6\u00f6bli tootmistehast, mida juhib p\u00f6lvest p\u00f6lve H\u00e4cker meespere. Isalt-pojale! T\u00e4naseks p\u00e4evaks on toomispindala 191.000m2. mis suureneb j\u00e4rjest. M\u00f6\u00f6blit m\u00fc\u00fcakse 51 &hellip; <a href=\"https:\/\/haecker.ee\/et\/firmast\/\">J\u00e4tka lugemist <span class=\"meta-nav\">&rarr;<\/span><\/a><\/p>\n","protected":false},"author":1,"featured_media":14,"parent":0,"menu_order":1,"comment_status":"closed","ping_status":"open","template":"","meta":[],"acf":[],"_links":{"self":[{"href":"https:\/\/haecker.ee\/et\/wp-json\/wp\/v2\/pages\/2"}],"collection":[{"href":"https:\/\/haecker.ee\/et\/wp-json\/wp\/v2\/pages"}],"about":[{"href":"https:\/\/haecker.ee\/et\/wp-json\/wp\/v2\/types\/page"}],"author":[{"embeddable":true,"href":"https:\/\/haecker.ee\/et\/wp-json\/wp\/v2\/users\/1"}],"replies":[{"embeddable":true,"href":"https:\/\/haecker.ee\/et\/wp-json\/wp\/v2\/comments?post=2"}],"version-history":[{"count":6,"href":"https:\/\/haecker.ee\/et\/wp-json\/wp\/v2\/pages\/2\/revisions"}],"predecessor-version":[{"id":823,"href":"https:\/\/haecker.ee\/et\/wp-json\/wp\/v2\/pages\/2\/revisions\/823"}],"wp:featuredmedia":[{"embeddable":true,"href":"https:\/\/haecker.ee\/et\/wp-json\/wp\/v2\/media\/14"}],"wp:attachment":[{"href":"https:\/\/haecker.ee\/et\/wp-json\/wp\/v2\/media?parent=2"}],"curies":[{"name":"wp","href":"https:\/\/api.w.org\/{rel}","templated":true}]}}