{"id":15,"date":"2016-11-07T05:23:49","date_gmt":"2016-11-07T03:23:49","guid":{"rendered":"https:\/\/haecker.ee\/?page_id=15"},"modified":"2018-01-23T10:00:27","modified_gmt":"2018-01-23T08:00:27","slug":"koogimoobel","status":"publish","type":"page","link":"https:\/\/haecker.ee\/et\/koogimoobel\/","title":{"rendered":"K\u00f6\u00f6gim\u00f6\u00f6bel"},"content":{"rendered":"<p><\/p>\n<div style=\"float:left; width:48%; margin-right:5px; margin-left:5px;\">\n<p><img decoding=\"async\" src=\"http:\/\/haecker.ee\/wp-content\/uploads\/2017-2018\/christall-carbon-metallic-hochglanz-lack.jpg\" style=\"width:100% !important; height:auto;\" \/><\/p>\n<p>&nbsp;<\/p>\n<p><strong style=\"text-transform:uppercase;\">Classic \/Classic ART<\/strong><\/p>\n<p>&nbsp;<\/p>\n<p>Seda toote perekonda iseloomustab Saksa-kvaliteet k\u00f6\u00f6gim\u00f6\u00f6bel ,mis on suunatud hinnatundlikule tarbijale. Nii klassikalised, kui ka ka modernsed k\u00f6\u00f6gilahendused on siis sarjas lihtsalt planeeritavad. K\u00f6\u00f6gim\u00f6\u00f6bel H\u00e4cker Classic toodetakse 100% Saksas ,R\u00f6dinghausenis \u00fches modernsemas m\u00f6\u00f6bli tootmis tehases. Teades tunnustatud Saksa kvaliteeti, anname igale k\u00f6\u00f6gile 5aastase tehase garantii. Classic toote seeriasse kuulub ka Classic ART k\u00e4epidemevaba k\u00f6\u00f6gim\u00f6\u00f6bel. Kasutame siin sarjas alakapi moodulit 721mm. Mooduli valikusse kuulub palju erinevaid standart mooduleid,erim\u00f5\u00f5dulisi mooduleid saame valmistada vastavalt ukse t\u00fc\u00fcbile. Classic tootesarja kuuluv m\u00f6\u00f6bel on valmistatud kvaliteetsetest materjalidest ,mis on vastupidavad ja lihtsalt hooldatavad.<\/p>\n<p>&nbsp;<\/p>\n<p><strong><em>H\u00e4cker Classic see on:<\/em><\/strong><br \/>\nHea hind \/ Saksa kvaliteet \/ 5 aastane tehase garantii\n<\/div>\n<div style=\"float:left; width:48%; margin-right:5px; margin-left:5px;\">\n<p><img decoding=\"async\" src=\"http:\/\/haecker.ee\/wp-content\/uploads\/2017-2018\/av-7000-gl-echtbeton-natur-av-5081-gl-eiche-mokka-hochglanz-lack-1.jpg\" style=\"width:100% !important; height:auto;\" \/><\/p>\n<p>&nbsp;<\/p>\n<p><strong style=\"text-transform:uppercase;\">Systemat\/Systemat ART<\/strong><\/p>\n<p>&nbsp;<\/p>\n<p>On suunatud inimesele kes hindab k\u00f5rget kvaliteeti ja maailma tasemel disaini. Siin kasutame parimat furnituuri ja ehedaid materjale. Kuna k\u00e4epidemevaba k\u00f6\u00f6gim\u00f6\u00f6bel kogub aasta aastalt populaarsust, siis ka siin on meil eraldi tootesari Systemat ART. Systemat tootesarja v\u00f5tmes\u00f5naks on kindlasti planeerimisvabadus.Kasutame siin alakapi mooduleid 721mm ja 780mm. Siin on v\u00f5imalik planeerida ka ilma soklita, seinal rippuvat k\u00f6\u00f6gim\u00f6\u00f6blit, mis annab k\u00f6\u00f6gile eriti \u00f5hulise milj\u00f6\u00f6. Systemat tootesari on t\u00e4iusik ka oma erilise karkassi ja tolmutihenditega. Soovi korral varustame m\u00f6\u00f6bli klaask\u00fclgede ja LED valgustusega sahtlis\u00fcsteemidega ,mida on ainult v\u00f5imalik tellida meie salongidest.<\/p>\n<p>&nbsp;<\/p>\n<p><strong><em>H\u00e4cker Systemat:<\/em><\/strong><br \/>\nkeskmisest k\u00f5rgem Saksa kvaliteet \/ 5aastane tehase garantii \/ laiem materjali valik\n<\/div>\n<div style=\"clear:both;\"><\/div>\n<p><\/p>","protected":false},"excerpt":{"rendered":"<p>&nbsp; Classic \/Classic ART &nbsp; Seda toote perekonda iseloomustab Saksa-kvaliteet k\u00f6\u00f6gim\u00f6\u00f6bel ,mis on suunatud hinnatundlikule tarbijale. Nii klassikalised, kui ka ka modernsed k\u00f6\u00f6gilahendused on siis sarjas lihtsalt planeeritavad. K\u00f6\u00f6gim\u00f6\u00f6bel H\u00e4cker Classic toodetakse 100% Saksas ,R\u00f6dinghausenis \u00fches modernsemas m\u00f6\u00f6bli tootmis tehases. &hellip; <a href=\"https:\/\/haecker.ee\/et\/koogimoobel\/\">J\u00e4tka lugemist <span class=\"meta-nav\">&rarr;<\/span><\/a><\/p>\n","protected":false},"author":1,"featured_media":0,"parent":0,"menu_order":2,"comment_status":"closed","ping_status":"closed","template":"","meta":[],"acf":[],"_links":{"self":[{"href":"https:\/\/haecker.ee\/et\/wp-json\/wp\/v2\/pages\/15"}],"collection":[{"href":"https:\/\/haecker.ee\/et\/wp-json\/wp\/v2\/pages"}],"about":[{"href":"https:\/\/haecker.ee\/et\/wp-json\/wp\/v2\/types\/page"}],"author":[{"embeddable":true,"href":"https:\/\/haecker.ee\/et\/wp-json\/wp\/v2\/users\/1"}],"replies":[{"embeddable":true,"href":"https:\/\/haecker.ee\/et\/wp-json\/wp\/v2\/comments?post=15"}],"version-history":[{"count":17,"href":"https:\/\/haecker.ee\/et\/wp-json\/wp\/v2\/pages\/15\/revisions"}],"predecessor-version":[{"id":658,"href":"https:\/\/haecker.ee\/et\/wp-json\/wp\/v2\/pages\/15\/revisions\/658"}],"wp:attachment":[{"href":"https:\/\/haecker.ee\/et\/wp-json\/wp\/v2\/media?parent=15"}],"curies":[{"name":"wp","href":"https:\/\/api.w.org\/{rel}","templated":true}]}}