{"id":119,"date":"2016-11-08T05:04:40","date_gmt":"2016-11-08T03:04:40","guid":{"rendered":"https:\/\/haecker.ee\/?page_id=119"},"modified":"2019-03-23T20:13:10","modified_gmt":"2019-03-23T18:13:10","slug":"uudised","status":"publish","type":"page","link":"https:\/\/haecker.ee\/en\/uudised\/","title":{"rendered":"News"},"content":{"rendered":"<p><img decoding=\"async\" loading=\"lazy\" src=\"http:\/\/haecker.ee\/wp-content\/uploads\/2016\/11\/pakkumine.jpg\" alt=\"pakkumine\" width=\"600\" height=\"213\" class=\"aligncenter size-full wp-image-124\" srcset=\"https:\/\/haecker.ee\/wp-content\/uploads\/2016\/11\/pakkumine.jpg 600w, https:\/\/haecker.ee\/wp-content\/uploads\/2016\/11\/pakkumine-300x107.jpg 300w\" sizes=\"(max-width: 600px) 100vw, 600px\" \/><\/p>\n<p>LHV j\u00e4relmaksu saab taotleda 18-75aastane Eesti kodanik v\u00f5i elamisloaga klient, kelle sissetulek kuus on v\u00e4hemalt 250 \u20ac. LHV j\u00e4relmaksu intress on Eesti \u00fcks soodsamaid. Esmane sissemakse algab 0 \u20ac, j\u00e4relmaksu aeg v\u00f5ib olla 3 kuust 4 aastani, lepingutasu on 19.90 \u20ac. J\u00e4relmaksu saab soovi korral ka varem teenustasuta tagasi maksta. Taotlemiseks v\u00f5ta kaasa isikutt\u00f5endav dokument. Taotlusele saab vastuse reeglina 1\u201315 min jooksul.<\/p>\n<p>&nbsp;<\/p>\n<p>J\u00e4relmaksutaotlusi saab mugavalt t\u00e4ita <a href=\"https:\/\/www.lhv.ee\/corp\/cof\/?deor=EE-11964497\" target=\"_blank\"><strong>SIIN<\/strong><\/a>, vastus saabub m\u00f5ne hetkega.<\/p>\n<p>&nbsp;<\/p>\n<p>J\u00e4relmaksu pakub AS LHV Finance. Tutvu j\u00e4relmaksu tingimustega kaupluses v\u00f5i aadressil <a href=\"http:\/\/www.lhv.ee\/jarelmaks\" target=\"_blank\"><strong>www.lhv.ee\/jarelmaks<\/strong><\/a>. Vajaduse korral pea n\u00f5u asjatundjaga. J\u00e4relmaksu krediidi kulukuse m\u00e4\u00e4r on 19,91% aastas j\u00e4rgmistel n\u00e4idistingimustel: krediidisumma 600 eurot, sissemakse 0%, intress 15,9% aastas, lepingutasu 19,9 eurot, tagasimakseperiood 36 kuud, tasumine igakuiste annuiteetmaksetena.<\/p>\n<p>&nbsp;<\/p>\n<p><img decoding=\"async\" loading=\"lazy\" src=\"http:\/\/haecker.ee\/wp-content\/uploads\/2016\/11\/lhv-jarelmaks-400x170-300x127.jpg\" alt=\"lhv-jarelmaks-400x170-300x127\" width=\"300\" height=\"127\" class=\"aligncenter size-full wp-image-125\" \/><\/p>\n","protected":false},"excerpt":{"rendered":"<p>LHV j\u00e4relmaksu saab taotleda 18-75aastane Eesti kodanik v\u00f5i elamisloaga klient, kelle sissetulek kuus on v\u00e4hemalt 250 \u20ac. LHV j\u00e4relmaksu intress on Eesti \u00fcks soodsamaid. Esmane sissemakse algab 0 \u20ac, j\u00e4relmaksu aeg v\u00f5ib olla 3 kuust 4 aastani, lepingutasu on 19.90 &hellip; <a href=\"https:\/\/haecker.ee\/en\/uudised\/\">Continue reading <span class=\"meta-nav\">&rarr;<\/span><\/a><\/p>\n","protected":false},"author":1,"featured_media":0,"parent":0,"menu_order":6,"comment_status":"closed","ping_status":"closed","template":"","meta":[],"acf":[],"_links":{"self":[{"href":"https:\/\/haecker.ee\/en\/wp-json\/wp\/v2\/pages\/119"}],"collection":[{"href":"https:\/\/haecker.ee\/en\/wp-json\/wp\/v2\/pages"}],"about":[{"href":"https:\/\/haecker.ee\/en\/wp-json\/wp\/v2\/types\/page"}],"author":[{"embeddable":true,"href":"https:\/\/haecker.ee\/en\/wp-json\/wp\/v2\/users\/1"}],"replies":[{"embeddable":true,"href":"https:\/\/haecker.ee\/en\/wp-json\/wp\/v2\/comments?post=119"}],"version-history":[{"count":20,"href":"https:\/\/haecker.ee\/en\/wp-json\/wp\/v2\/pages\/119\/revisions"}],"predecessor-version":[{"id":717,"href":"https:\/\/haecker.ee\/en\/wp-json\/wp\/v2\/pages\/119\/revisions\/717"}],"wp:attachment":[{"href":"https:\/\/haecker.ee\/en\/wp-json\/wp\/v2\/media?parent=119"}],"curies":[{"name":"wp","href":"https:\/\/api.w.org\/{rel}","templated":true}]}}